{"id":293,"date":"2025-05-15T23:54:31","date_gmt":"2025-05-15T21:54:31","guid":{"rendered":"https:\/\/commonshelters.com\/?page_id=293"},"modified":"2025-05-16T13:58:46","modified_gmt":"2025-05-16T11:58:46","slug":"introduction","status":"publish","type":"page","link":"https:\/\/commonshelters.com\/index.php\/introduction\/","title":{"rendered":"introduction"},"content":{"rendered":"\t\t<div data-elementor-type=\"wp-page\" data-elementor-id=\"293\" class=\"elementor elementor-293\" data-elementor-post-type=\"page\">\n\t\t\t\t<div class=\"elementor-element elementor-element-224e291 e-flex e-con-boxed e-con e-parent\" data-id=\"224e291\" data-element_type=\"container\">\n\t\t\t\t\t<div class=\"e-con-inner\">\n\t\t\t\t<div class=\"elementor-element elementor-element-027b669 elementor-widget elementor-widget-heading\" data-id=\"027b669\" data-element_type=\"widget\" data-widget_type=\"heading.default\">\n\t\t\t\t<div class=\"elementor-widget-container\">\n\t\t\t\t\t<h4 class=\"elementor-heading-title elementor-size-default\">COMMON SHELTERS<\/h4>\t\t\t\t<\/div>\n\t\t\t\t<\/div>\n\t\t\t\t\t<\/div>\n\t\t\t\t<\/div>\n\t\t<div class=\"elementor-element elementor-element-2ea46e3 e-flex e-con-boxed e-con e-parent\" data-id=\"2ea46e3\" data-element_type=\"container\">\n\t\t\t\t\t<div class=\"e-con-inner\">\n\t\t\t\t<div class=\"elementor-element elementor-element-46d5ae7 elementor-widget elementor-widget-text-editor\" data-id=\"46d5ae7\" data-element_type=\"widget\" data-widget_type=\"text-editor.default\">\n\t\t\t\t<div class=\"elementor-widget-container\">\n\t\t\t\t\t\t\t\t\t<p>Le succ\u00e8s public en 2006 de Danubians Dreams \u00e0 Bratislava, sur les bords du Danube, m\u2019a incit\u00e9 \u00e0 proposer un nouveau projet &#8220;COMMON SHELTERS&#8221; a des architectes et designers europ\u00e9ens, une nouvelle approche contemporaine, humaine, \u00e9cologique et po\u00e9tique de l&#8217;abri qui peut et offre un espace-temps, une intimit\u00e9 conviviale qu\u2019elle soit individuelle, familiale ou collective, un lieu de vie temporaire ou durable de qui\u00e9tude, de r\u00eaveries, de r\u00e9confort\u2026<br \/>Ce projet d\u00e9butera au Cap de Carteret cet \u00e9t\u00e9 avec matali crasset.<\/p><p>&#8212;<\/p><p>The public success of Danubians Dreams in 2006 in Bratislava, on the banks of the Danube, encouraged me to propose a new project &#8220;COMMON SHELTERS&#8221; to European architects and designers, a new contemporary, human, ecological and poetic approach to shelter that can and offers a space-time, a convivial intimacy whether individual, family or collective, a temporary or lasting place of life for quietude, reverie, comfort&#8230;<br \/>This project will begin at Cap de Carteret this summer with matali crasset.<\/p>\t\t\t\t\t\t\t\t<\/div>\n\t\t\t\t<\/div>\n\t\t\t\t\t<\/div>\n\t\t\t\t<\/div>\n\t\t\t\t<\/div>\n\t\t","protected":false},"excerpt":{"rendered":"<p>COMMON SHELTERS Le succ\u00e8s public en 2006 de Danubians Dreams \u00e0 Bratislava, sur les bords du Danube, m\u2019a incit\u00e9 \u00e0 proposer un nouveau projet &#8220;COMMON SHELTERS&#8221; a des architectes et designers europ\u00e9ens, une nouvelle approche contemporaine, humaine, \u00e9cologique et po\u00e9tique de l&#8217;abri qui peut et offre un espace-temps, une intimit\u00e9 conviviale qu\u2019elle soit individuelle, familiale [&hellip;]<\/p>\n","protected":false},"author":1,"featured_media":0,"parent":0,"menu_order":0,"comment_status":"closed","ping_status":"closed","template":"","meta":{"footnotes":""},"class_list":["post-293","page","type-page","status-publish","hentry"],"_links":{"self":[{"href":"https:\/\/commonshelters.com\/index.php\/wp-json\/wp\/v2\/pages\/293","targetHints":{"allow":["GET"]}}],"collection":[{"href":"https:\/\/commonshelters.com\/index.php\/wp-json\/wp\/v2\/pages"}],"about":[{"href":"https:\/\/commonshelters.com\/index.php\/wp-json\/wp\/v2\/types\/page"}],"author":[{"embeddable":true,"href":"https:\/\/commonshelters.com\/index.php\/wp-json\/wp\/v2\/users\/1"}],"replies":[{"embeddable":true,"href":"https:\/\/commonshelters.com\/index.php\/wp-json\/wp\/v2\/comments?post=293"}],"version-history":[{"count":14,"href":"https:\/\/commonshelters.com\/index.php\/wp-json\/wp\/v2\/pages\/293\/revisions"}],"predecessor-version":[{"id":410,"href":"https:\/\/commonshelters.com\/index.php\/wp-json\/wp\/v2\/pages\/293\/revisions\/410"}],"wp:attachment":[{"href":"https:\/\/commonshelters.com\/index.php\/wp-json\/wp\/v2\/media?parent=293"}],"curies":[{"name":"wp","href":"https:\/\/api.w.org\/{rel}","templated":true}]}}